{"id":41,"date":"2022-01-07T14:58:37","date_gmt":"2022-01-07T14:58:37","guid":{"rendered":"http:\/\/blumetric.ca.local\/?page_id=41"},"modified":"2022-04-22T19:39:26","modified_gmt":"2022-04-22T19:39:26","slug":"sante-et-securite","status":"publish","type":"page","link":"https:\/\/www.blumetric.ca\/fr\/a-propos\/sante-et-securite\/","title":{"rendered":"Sant\u00e9 et s\u00e9curit\u00e9"},"content":{"rendered":"<h2>Health and safety by design<\/h2>\n<h3>Safety is our top priority in everything that we do.<\/h3>\n<p>Our goal is to achieve health and safety by design through the continual cycle of assessing, recognizing, controlling, and evaluating hazards.<\/p>\n<p>Our team is equipped and confident to safely operate in a broad range of environments, including mines, industrial settings, construction and remediation sites, offices, and urban and remote locations. These environments require specific health and safety protocols to prevent worker exposure to physical, chemical, and\/or biological hazards, such as water and air quality, noise, and ergonomics.<\/p>\n<p>We are an industry leader in Occupational Hygiene and Health and Safety, building advanced programs that ensure our employees and clients understand and collaboratively participate in the mitigation and control of hazards.<\/p>\n<p>We are committed to meeting, and often surpassing, the legislative and regulatory requirements of every federal, provincial, territorial, municipal, and Indigenous jurisdiction in which we operate.<\/p>\n<p>Our goal is to ensure that everyone goes home, safe, at the end of the workday.<\/p>\n","protected":false},"excerpt":{"rendered":"<p>Health and safety by design Safety is our top priority in everything that we do. Our goal is to achieve health and safety by design through the continual cycle of assessing, recognizing, controlling, and evaluating hazards. Our team is equipped and confident to safely operate in a broad range of environments, including mines, industrial settings, &hellip; <\/p>\n","protected":false},"author":1,"featured_media":0,"parent":1501,"menu_order":73,"comment_status":"closed","ping_status":"closed","template":"templates\/health.php","meta":{"_acf_changed":false,"footnotes":""},"class_list":["post-41","page","type-page","status-publish","hentry"],"acf":[],"yoast_head":"<!-- This site is optimized with the Yoast SEO plugin v27.4 - https:\/\/yoast.com\/product\/yoast-seo-wordpress\/ -->\n<title>Sant\u00e9 et s\u00e9curit\u00e9 - BluMetric<\/title>\n<meta name=\"robots\" content=\"index, follow, max-snippet:-1, max-image-preview:large, max-video-preview:-1\" \/>\n<link rel=\"canonical\" href=\"https:\/\/www.blumetric.ca\/fr\/a-propos\/sante-et-securite\/\" \/>\n<meta property=\"og:locale\" content=\"fr_FR\" \/>\n<meta property=\"og:type\" content=\"article\" \/>\n<meta property=\"og:title\" content=\"Sant\u00e9 et s\u00e9curit\u00e9 - BluMetric\" \/>\n<meta property=\"og:description\" content=\"Health and safety by design Safety is our top priority in everything that we do. Our goal is to achieve health and safety by design through the continual cycle of assessing, recognizing, controlling, and evaluating hazards. Our team is equipped and confident to safely operate in a broad range of environments, including mines, industrial settings, &hellip;\" \/>\n<meta property=\"og:url\" content=\"https:\/\/www.blumetric.ca\/fr\/a-propos\/sante-et-securite\/\" \/>\n<meta property=\"og:site_name\" content=\"BluMetric\" \/>\n<meta property=\"article:publisher\" content=\"https:\/\/www.facebook.com\/BluMetric-Environmental-Inc-188387414651895\/\" \/>\n<meta property=\"article:modified_time\" content=\"2022-04-22T19:39:26+00:00\" \/>\n<meta name=\"twitter:card\" content=\"summary_large_image\" \/>\n<meta name=\"twitter:site\" content=\"@BluMetric\" \/>\n<meta name=\"twitter:label1\" content=\"Dur\u00e9e de lecture estim\u00e9e\" \/>\n\t<meta name=\"twitter:data1\" content=\"1 minute\" \/>\n<script type=\"application\/ld+json\" class=\"yoast-schema-graph\">{\"@context\":\"https:\\\/\\\/schema.org\",\"@graph\":[{\"@type\":\"WebPage\",\"@id\":\"https:\\\/\\\/www.blumetric.ca\\\/fr\\\/a-propos\\\/sante-et-securite\\\/\",\"url\":\"https:\\\/\\\/www.blumetric.ca\\\/fr\\\/a-propos\\\/sante-et-securite\\\/\",\"name\":\"Sant\u00e9 et s\u00e9curit\u00e9 - BluMetric\",\"isPartOf\":{\"@id\":\"https:\\\/\\\/www.blumetric.ca\\\/#website\"},\"datePublished\":\"2022-01-07T14:58:37+00:00\",\"dateModified\":\"2022-04-22T19:39:26+00:00\",\"breadcrumb\":{\"@id\":\"https:\\\/\\\/www.blumetric.ca\\\/fr\\\/a-propos\\\/sante-et-securite\\\/#breadcrumb\"},\"inLanguage\":\"fr-FR\",\"potentialAction\":[{\"@type\":\"ReadAction\",\"target\":[\"https:\\\/\\\/www.blumetric.ca\\\/fr\\\/a-propos\\\/sante-et-securite\\\/\"]}]},{\"@type\":\"BreadcrumbList\",\"@id\":\"https:\\\/\\\/www.blumetric.ca\\\/fr\\\/a-propos\\\/sante-et-securite\\\/#breadcrumb\",\"itemListElement\":[{\"@type\":\"ListItem\",\"position\":1,\"name\":\"Home\",\"item\":\"https:\\\/\\\/www.blumetric.ca\\\/fr\\\/\"},{\"@type\":\"ListItem\",\"position\":2,\"name\":\"\u00c0 propos\",\"item\":\"https:\\\/\\\/www.blumetric.ca\\\/fr\\\/a-propos\\\/\"},{\"@type\":\"ListItem\",\"position\":3,\"name\":\"Sant\u00e9 et s\u00e9curit\u00e9\"}]},{\"@type\":\"WebSite\",\"@id\":\"https:\\\/\\\/www.blumetric.ca\\\/#website\",\"url\":\"https:\\\/\\\/www.blumetric.ca\\\/\",\"name\":\"BluMetric\",\"description\":\"A Better Environment For Business\",\"publisher\":{\"@id\":\"https:\\\/\\\/www.blumetric.ca\\\/#organization\"},\"potentialAction\":[{\"@type\":\"SearchAction\",\"target\":{\"@type\":\"EntryPoint\",\"urlTemplate\":\"https:\\\/\\\/www.blumetric.ca\\\/?s={search_term_string}\"},\"query-input\":{\"@type\":\"PropertyValueSpecification\",\"valueRequired\":true,\"valueName\":\"search_term_string\"}}],\"inLanguage\":\"fr-FR\"},{\"@type\":\"Organization\",\"@id\":\"https:\\\/\\\/www.blumetric.ca\\\/#organization\",\"name\":\"BluMetric\",\"url\":\"https:\\\/\\\/www.blumetric.ca\\\/\",\"logo\":{\"@type\":\"ImageObject\",\"inLanguage\":\"fr-FR\",\"@id\":\"https:\\\/\\\/www.blumetric.ca\\\/#\\\/schema\\\/logo\\\/image\\\/\",\"url\":\"https:\\\/\\\/www.blumetric.ca\\\/wp-content\\\/uploads\\\/2022\\\/03\\\/BluMetric_HeaderPhoto_Military_380.jpg\",\"contentUrl\":\"https:\\\/\\\/www.blumetric.ca\\\/wp-content\\\/uploads\\\/2022\\\/03\\\/BluMetric_HeaderPhoto_Military_380.jpg\",\"width\":380,\"height\":350,\"caption\":\"BluMetric\"},\"image\":{\"@id\":\"https:\\\/\\\/www.blumetric.ca\\\/#\\\/schema\\\/logo\\\/image\\\/\"},\"sameAs\":[\"https:\\\/\\\/www.facebook.com\\\/BluMetric-Environmental-Inc-188387414651895\\\/\",\"https:\\\/\\\/x.com\\\/BluMetric\",\"https:\\\/\\\/www.linkedin.com\\\/company\\\/blumetric-environmental-inc\\\/\",\"https:\\\/\\\/www.youtube.com\\\/channel\\\/UCg5KdhXdJLxhRtCMdagKUCA\"]}]}<\/script>\n<!-- \/ Yoast SEO plugin. -->","yoast_head_json":{"title":"Sant\u00e9 et s\u00e9curit\u00e9 - BluMetric","robots":{"index":"index","follow":"follow","max-snippet":"max-snippet:-1","max-image-preview":"max-image-preview:large","max-video-preview":"max-video-preview:-1"},"canonical":"https:\/\/www.blumetric.ca\/fr\/a-propos\/sante-et-securite\/","og_locale":"fr_FR","og_type":"article","og_title":"Sant\u00e9 et s\u00e9curit\u00e9 - BluMetric","og_description":"Health and safety by design Safety is our top priority in everything that we do. Our goal is to achieve health and safety by design through the continual cycle of assessing, recognizing, controlling, and evaluating hazards. Our team is equipped and confident to safely operate in a broad range of environments, including mines, industrial settings, &hellip;","og_url":"https:\/\/www.blumetric.ca\/fr\/a-propos\/sante-et-securite\/","og_site_name":"BluMetric","article_publisher":"https:\/\/www.facebook.com\/BluMetric-Environmental-Inc-188387414651895\/","article_modified_time":"2022-04-22T19:39:26+00:00","twitter_card":"summary_large_image","twitter_site":"@BluMetric","twitter_misc":{"Dur\u00e9e de lecture estim\u00e9e":"1 minute"},"schema":{"@context":"https:\/\/schema.org","@graph":[{"@type":"WebPage","@id":"https:\/\/www.blumetric.ca\/fr\/a-propos\/sante-et-securite\/","url":"https:\/\/www.blumetric.ca\/fr\/a-propos\/sante-et-securite\/","name":"Sant\u00e9 et s\u00e9curit\u00e9 - BluMetric","isPartOf":{"@id":"https:\/\/www.blumetric.ca\/#website"},"datePublished":"2022-01-07T14:58:37+00:00","dateModified":"2022-04-22T19:39:26+00:00","breadcrumb":{"@id":"https:\/\/www.blumetric.ca\/fr\/a-propos\/sante-et-securite\/#breadcrumb"},"inLanguage":"fr-FR","potentialAction":[{"@type":"ReadAction","target":["https:\/\/www.blumetric.ca\/fr\/a-propos\/sante-et-securite\/"]}]},{"@type":"BreadcrumbList","@id":"https:\/\/www.blumetric.ca\/fr\/a-propos\/sante-et-securite\/#breadcrumb","itemListElement":[{"@type":"ListItem","position":1,"name":"Home","item":"https:\/\/www.blumetric.ca\/fr\/"},{"@type":"ListItem","position":2,"name":"\u00c0 propos","item":"https:\/\/www.blumetric.ca\/fr\/a-propos\/"},{"@type":"ListItem","position":3,"name":"Sant\u00e9 et s\u00e9curit\u00e9"}]},{"@type":"WebSite","@id":"https:\/\/www.blumetric.ca\/#website","url":"https:\/\/www.blumetric.ca\/","name":"BluMetric","description":"A Better Environment For Business","publisher":{"@id":"https:\/\/www.blumetric.ca\/#organization"},"potentialAction":[{"@type":"SearchAction","target":{"@type":"EntryPoint","urlTemplate":"https:\/\/www.blumetric.ca\/?s={search_term_string}"},"query-input":{"@type":"PropertyValueSpecification","valueRequired":true,"valueName":"search_term_string"}}],"inLanguage":"fr-FR"},{"@type":"Organization","@id":"https:\/\/www.blumetric.ca\/#organization","name":"BluMetric","url":"https:\/\/www.blumetric.ca\/","logo":{"@type":"ImageObject","inLanguage":"fr-FR","@id":"https:\/\/www.blumetric.ca\/#\/schema\/logo\/image\/","url":"https:\/\/www.blumetric.ca\/wp-content\/uploads\/2022\/03\/BluMetric_HeaderPhoto_Military_380.jpg","contentUrl":"https:\/\/www.blumetric.ca\/wp-content\/uploads\/2022\/03\/BluMetric_HeaderPhoto_Military_380.jpg","width":380,"height":350,"caption":"BluMetric"},"image":{"@id":"https:\/\/www.blumetric.ca\/#\/schema\/logo\/image\/"},"sameAs":["https:\/\/www.facebook.com\/BluMetric-Environmental-Inc-188387414651895\/","https:\/\/x.com\/BluMetric","https:\/\/www.linkedin.com\/company\/blumetric-environmental-inc\/","https:\/\/www.youtube.com\/channel\/UCg5KdhXdJLxhRtCMdagKUCA"]}]}},"_links":{"self":[{"href":"https:\/\/www.blumetric.ca\/fr\/wp-json\/wp\/v2\/pages\/41","targetHints":{"allow":["GET"]}}],"collection":[{"href":"https:\/\/www.blumetric.ca\/fr\/wp-json\/wp\/v2\/pages"}],"about":[{"href":"https:\/\/www.blumetric.ca\/fr\/wp-json\/wp\/v2\/types\/page"}],"author":[{"embeddable":true,"href":"https:\/\/www.blumetric.ca\/fr\/wp-json\/wp\/v2\/users\/1"}],"replies":[{"embeddable":true,"href":"https:\/\/www.blumetric.ca\/fr\/wp-json\/wp\/v2\/comments?post=41"}],"version-history":[{"count":4,"href":"https:\/\/www.blumetric.ca\/fr\/wp-json\/wp\/v2\/pages\/41\/revisions"}],"predecessor-version":[{"id":1761,"href":"https:\/\/www.blumetric.ca\/fr\/wp-json\/wp\/v2\/pages\/41\/revisions\/1761"}],"up":[{"embeddable":true,"href":"https:\/\/www.blumetric.ca\/fr\/wp-json\/wp\/v2\/pages\/1501"}],"wp:attachment":[{"href":"https:\/\/www.blumetric.ca\/fr\/wp-json\/wp\/v2\/media?parent=41"}],"curies":[{"name":"wp","href":"https:\/\/api.w.org\/{rel}","templated":true}]}}